{"id":17648,"date":"2022-11-29T09:41:04","date_gmt":"2022-11-29T09:41:04","guid":{"rendered":"https:\/\/saleslayer.upsolute.social\/index.php\/product\/beats-solo-3-wireless\/"},"modified":"2022-11-29T09:41:04","modified_gmt":"2022-11-29T09:41:04","slug":"beats-solo-3-wireless","status":"publish","type":"product","link":"https:\/\/saleslayer.upsolute.social\/index.php\/product\/beats-solo-3-wireless\/","title":{"rendered":"Beats solo 3 Wireless"},"content":{"rendered":"<p>Bis zu 40 Stunden Autonomie, mit schnellem Kraftstoff. 5 Minuten Laden f\u00fcr 3 Stunden Musik mit niedrigem Akkustand. Pr\u00e4zise Passform und Helme f\u00fcr maximalen Komfort.<\/p>\n","protected":false},"excerpt":{"rendered":"<p>Bis zu 40 Stunden Autonomie, mit schnellem Kraftstoff. 5 Minuten Laden f\u00fcr 3 Stunden Musik mit niedrigem Akkustand. Pr\u00e4zise Passform und Helme f\u00fcr maximalen Komfort.<\/p>\n","protected":false},"featured_media":17649,"comment_status":"open","ping_status":"closed","template":"","meta":[],"product_cat":[98],"product_tag":[],"_links":{"self":[{"href":"https:\/\/saleslayer.upsolute.social\/index.php\/wp-json\/wp\/v2\/product\/17648"}],"collection":[{"href":"https:\/\/saleslayer.upsolute.social\/index.php\/wp-json\/wp\/v2\/product"}],"about":[{"href":"https:\/\/saleslayer.upsolute.social\/index.php\/wp-json\/wp\/v2\/types\/product"}],"replies":[{"embeddable":true,"href":"https:\/\/saleslayer.upsolute.social\/index.php\/wp-json\/wp\/v2\/comments?post=17648"}],"wp:featuredmedia":[{"embeddable":true,"href":"https:\/\/saleslayer.upsolute.social\/index.php\/wp-json\/wp\/v2\/media\/17649"}],"wp:attachment":[{"href":"https:\/\/saleslayer.upsolute.social\/index.php\/wp-json\/wp\/v2\/media?parent=17648"}],"wp:term":[{"taxonomy":"product_cat","embeddable":true,"href":"https:\/\/saleslayer.upsolute.social\/index.php\/wp-json\/wp\/v2\/product_cat?post=17648"},{"taxonomy":"product_tag","embeddable":true,"href":"https:\/\/saleslayer.upsolute.social\/index.php\/wp-json\/wp\/v2\/product_tag?post=17648"}],"curies":[{"name":"wp","href":"https:\/\/api.w.org\/{rel}","templated":true}]}}