{"id":17709,"date":"2022-11-29T09:41:12","date_gmt":"2022-11-29T09:41:12","guid":{"rendered":"https:\/\/saleslayer.upsolute.social\/index.php\/product\/canon-office-and-business-mx922\/"},"modified":"2022-11-29T09:41:12","modified_gmt":"2022-11-29T09:41:12","slug":"canon-office-and-business-mx922","status":"publish","type":"product","link":"https:\/\/saleslayer.upsolute.social\/index.php\/product\/canon-office-and-business-mx922\/","title":{"rendered":"Canon Office and Business MX922"},"content":{"rendered":"<p>Dieser neue Brother Monochrom-Laserdrucker ist komfortabel mit einem Flachbettscanglas f\u00fcr schnelles Kopieren und Scannen ausgestattet. Kompatibilit\u00e4t mit mobilen Ger\u00e4ten &#8211; AirPrint, Google Cloud Print 2.0, Brother iPrint und Scan, Mopria, Cortado Workplace<br \/>\nDieser monochrome Laserdrucker ist mit einer Papierkapazit\u00e4t von 250 Blatt ausgestattet, die zur Effizienzsteigerung beitr\u00e4gt, da weniger Zeit mit dem Nachf\u00fcllen von Trays verbracht wird. Es verarbeitet auch Papier im Brief- und Rechtsformat.<\/p>\n","protected":false},"excerpt":{"rendered":"<p>Dieser neue Brother Monochrom-Laserdrucker ist komfortabel mit einem Flachbettscanglas f\u00fcr schnelles Kopieren und Scannen ausgestattet. Kompatibilit\u00e4t mit mobilen Ger\u00e4ten &#8211; AirPrint, Google Cloud Print 2.0,&#8230;<\/p>\n<div class=\"more-link-wrapper\"><a class=\"more-link\" href=\"https:\/\/saleslayer.upsolute.social\/index.php\/product\/canon-office-and-business-mx922\/\">Read More<span class=\"screen-reader-text\">Canon Office and Business MX922<\/span><\/a><\/div>\n","protected":false},"featured_media":17710,"comment_status":"open","ping_status":"closed","template":"","meta":[],"product_cat":[105],"product_tag":[],"_links":{"self":[{"href":"https:\/\/saleslayer.upsolute.social\/index.php\/wp-json\/wp\/v2\/product\/17709"}],"collection":[{"href":"https:\/\/saleslayer.upsolute.social\/index.php\/wp-json\/wp\/v2\/product"}],"about":[{"href":"https:\/\/saleslayer.upsolute.social\/index.php\/wp-json\/wp\/v2\/types\/product"}],"replies":[{"embeddable":true,"href":"https:\/\/saleslayer.upsolute.social\/index.php\/wp-json\/wp\/v2\/comments?post=17709"}],"wp:featuredmedia":[{"embeddable":true,"href":"https:\/\/saleslayer.upsolute.social\/index.php\/wp-json\/wp\/v2\/media\/17710"}],"wp:attachment":[{"href":"https:\/\/saleslayer.upsolute.social\/index.php\/wp-json\/wp\/v2\/media?parent=17709"}],"wp:term":[{"taxonomy":"product_cat","embeddable":true,"href":"https:\/\/saleslayer.upsolute.social\/index.php\/wp-json\/wp\/v2\/product_cat?post=17709"},{"taxonomy":"product_tag","embeddable":true,"href":"https:\/\/saleslayer.upsolute.social\/index.php\/wp-json\/wp\/v2\/product_tag?post=17709"}],"curies":[{"name":"wp","href":"https:\/\/api.w.org\/{rel}","templated":true}]}}