{"id":17725,"date":"2022-11-29T09:41:14","date_gmt":"2022-11-29T09:41:14","guid":{"rendered":"https:\/\/saleslayer.upsolute.social\/index.php\/product\/asiento-para-scooter-electrico\/"},"modified":"2022-11-29T09:41:14","modified_gmt":"2022-11-29T09:41:14","slug":"asiento-para-scooter-electrico","status":"publish","type":"product","link":"https:\/\/saleslayer.upsolute.social\/index.php\/product\/asiento-para-scooter-electrico\/","title":{"rendered":"Asiento para scooter el\u00e9ctrico"},"content":{"rendered":"<p>Universelles Ladeger\u00e4t f\u00fcr Elektroschlittschuhe mit 2-Pin-Anschluss.<br \/>\nAustausch der originalen smartGyro Ladeger\u00e4te, sie gelten f\u00fcr andere Hoverboards.<\/p>\n","protected":false},"excerpt":{"rendered":"<p>Universelles Ladeger\u00e4t f\u00fcr Elektroschlittschuhe mit 2-Pin-Anschluss. Austausch der originalen smartGyro Ladeger\u00e4te, sie gelten f\u00fcr andere Hoverboards.<\/p>\n","protected":false},"featured_media":17726,"comment_status":"open","ping_status":"closed","template":"","meta":[],"product_cat":[106],"product_tag":[],"_links":{"self":[{"href":"https:\/\/saleslayer.upsolute.social\/index.php\/wp-json\/wp\/v2\/product\/17725"}],"collection":[{"href":"https:\/\/saleslayer.upsolute.social\/index.php\/wp-json\/wp\/v2\/product"}],"about":[{"href":"https:\/\/saleslayer.upsolute.social\/index.php\/wp-json\/wp\/v2\/types\/product"}],"replies":[{"embeddable":true,"href":"https:\/\/saleslayer.upsolute.social\/index.php\/wp-json\/wp\/v2\/comments?post=17725"}],"wp:featuredmedia":[{"embeddable":true,"href":"https:\/\/saleslayer.upsolute.social\/index.php\/wp-json\/wp\/v2\/media\/17726"}],"wp:attachment":[{"href":"https:\/\/saleslayer.upsolute.social\/index.php\/wp-json\/wp\/v2\/media?parent=17725"}],"wp:term":[{"taxonomy":"product_cat","embeddable":true,"href":"https:\/\/saleslayer.upsolute.social\/index.php\/wp-json\/wp\/v2\/product_cat?post=17725"},{"taxonomy":"product_tag","embeddable":true,"href":"https:\/\/saleslayer.upsolute.social\/index.php\/wp-json\/wp\/v2\/product_tag?post=17725"}],"curies":[{"name":"wp","href":"https:\/\/api.w.org\/{rel}","templated":true}]}}