{"id":17729,"date":"2022-11-29T09:41:15","date_gmt":"2022-11-29T09:41:15","guid":{"rendered":"https:\/\/saleslayer.upsolute.social\/index.php\/product\/dron-nanocoptero-roll-run\/"},"modified":"2022-11-29T09:41:15","modified_gmt":"2022-11-29T09:41:15","slug":"dron-nanocoptero-roll-run","status":"publish","type":"product","link":"https:\/\/saleslayer.upsolute.social\/index.php\/product\/dron-nanocoptero-roll-run\/","title":{"rendered":"Dron Nanoc\u00f3ptero Roll Run"},"content":{"rendered":"<p>Bequem und einfach.<br \/>\nLeicht zu transportieren, Gewicht ca. 4,5 Kg.<br \/>\nRuder der Richtung.<br \/>\nFu\u00dfst\u00fctze.<br \/>\nBequeme und ergonomische R\u00fcckenlehne.<br \/>\nEinstellbare B\u00e4nder<br \/>\nMaximal zul\u00e4ssiges Gewicht: 120 Kg.<\/p>\n","protected":false},"excerpt":{"rendered":"<p>Bequem und einfach. Leicht zu transportieren, Gewicht ca. 4,5 Kg. Ruder der Richtung. Fu\u00dfst\u00fctze. Bequeme und ergonomische R\u00fcckenlehne. Einstellbare B\u00e4nder Maximal zul\u00e4ssiges Gewicht: 120 Kg.<\/p>\n","protected":false},"featured_media":17730,"comment_status":"open","ping_status":"closed","template":"","meta":[],"product_cat":[107],"product_tag":[],"_links":{"self":[{"href":"https:\/\/saleslayer.upsolute.social\/index.php\/wp-json\/wp\/v2\/product\/17729"}],"collection":[{"href":"https:\/\/saleslayer.upsolute.social\/index.php\/wp-json\/wp\/v2\/product"}],"about":[{"href":"https:\/\/saleslayer.upsolute.social\/index.php\/wp-json\/wp\/v2\/types\/product"}],"replies":[{"embeddable":true,"href":"https:\/\/saleslayer.upsolute.social\/index.php\/wp-json\/wp\/v2\/comments?post=17729"}],"wp:featuredmedia":[{"embeddable":true,"href":"https:\/\/saleslayer.upsolute.social\/index.php\/wp-json\/wp\/v2\/media\/17730"}],"wp:attachment":[{"href":"https:\/\/saleslayer.upsolute.social\/index.php\/wp-json\/wp\/v2\/media?parent=17729"}],"wp:term":[{"taxonomy":"product_cat","embeddable":true,"href":"https:\/\/saleslayer.upsolute.social\/index.php\/wp-json\/wp\/v2\/product_cat?post=17729"},{"taxonomy":"product_tag","embeddable":true,"href":"https:\/\/saleslayer.upsolute.social\/index.php\/wp-json\/wp\/v2\/product_tag?post=17729"}],"curies":[{"name":"wp","href":"https:\/\/api.w.org\/{rel}","templated":true}]}}